{"id":164,"date":"2020-05-22T18:34:26","date_gmt":"2020-05-22T16:34:26","guid":{"rendered":"https:\/\/site.aefoot92.com\/?page_id=164"},"modified":"2025-11-08T11:57:52","modified_gmt":"2025-11-08T10:57:52","slug":"bienvenue-welcome-bienvenidos-wilkommen","status":"publish","type":"page","link":"https:\/\/site.aefoot92.com\/","title":{"rendered":"BIENVENUE  WELCOME BIENVENIDOS WILKOMMEN"},"content":{"rendered":"\n<figure class=\"wp-block-video aligncenter\"><video height=\"720\" style=\"aspect-ratio: 1280 \/ 720;\" width=\"1280\" controls poster=\"https:\/\/site.aefoot92.com\/wp-content\/uploads\/2020\/05\/devenir-adherent-bloc-1.jpg\" src=\"https:\/\/site.aefoot92.com\/wp-content\/uploads\/2020\/05\/LAmicale-des-Educateurs-de-Football.mp4\"><\/video><figcaption class=\"wp-element-caption\">Cliquez sur le lien ci-dessus pour voir le clip vid\u00e9o<\/figcaption><\/figure>\n\n\n\n<p>BIENVENUE sur notre site aefoot92.com, <\/p>\n\n\n\n<p>Avec notre comit\u00e9 directeur nous vous souhaitons de trouver dans l&rsquo;engagement aupr\u00e8s d&rsquo;un club, d&rsquo;une \u00e9quipe et de notre Association AEF 92 un bon \u00e9panouissement personnel et un r\u00e9el plaisir d&rsquo;accompagner des hommes et des femmes, des Jeunes dans la pratique du Football.<\/p>\n\n\n\n<p>L&rsquo;AEF 92 a besoin de ton adh\u00e9sion pour continuer de pouvoir te proposer des ressources de qualit\u00e9 et correspondant \u00e0 tes attentes. Les \u00e9lus du District 92 nous ont suivi pour proposer une reconnaissance et une valorisation de la fonction d&rsquo;EDUCATEUR.<\/p>\n\n\n\n<p><strong>UNE AIDE A LA CERTIFICATION UNIQUE EN FRANCE <\/strong><\/p>\n\n\n\n<p>Les certifications existent encore et sont des p\u00e9riodes de stress, l&rsquo;AEF 92 consciente des difficult\u00e9s li\u00e9es au passage d&rsquo;un examen propose depuis 2021 une 1\/2 journ\u00e9e de conseils \u00e0 celles et ceux qui sont inscrits pour un CFF1 CFF2 ou CFF3. Les candidats sont pr\u00e9venus par le service technique du District 92 qu&rsquo;une aide existe avec l&rsquo;AEF 92. Les certifications cesseront en juin 2027.<\/p>\n\n\n\n<figure class=\"wp-block-image size-large\"><img loading=\"lazy\" decoding=\"async\" width=\"1024\" height=\"569\" src=\"https:\/\/site.aefoot92.com\/wp-content\/uploads\/2020\/06\/BILEL-VANVES-1024x569.png\" alt=\"\" class=\"wp-image-455\" srcset=\"https:\/\/site.aefoot92.com\/wp-content\/uploads\/2020\/06\/BILEL-VANVES-1024x569.png 1024w, https:\/\/site.aefoot92.com\/wp-content\/uploads\/2020\/06\/BILEL-VANVES-300x167.png 300w, https:\/\/site.aefoot92.com\/wp-content\/uploads\/2020\/06\/BILEL-VANVES-768x426.png 768w, https:\/\/site.aefoot92.com\/wp-content\/uploads\/2020\/06\/BILEL-VANVES-1536x853.png 1536w, https:\/\/site.aefoot92.com\/wp-content\/uploads\/2020\/06\/BILEL-VANVES-500x278.png 500w, https:\/\/site.aefoot92.com\/wp-content\/uploads\/2020\/06\/BILEL-VANVES.png 1664w\" sizes=\"auto, (max-width: 1024px) 100vw, 1024px\" \/><figcaption class=\"wp-element-caption\">L&rsquo;\u00e9ducateur est la pierre angulaire dans le CLUB. L&rsquo;AEF 92 veut valoriser les \u00e9ducateurs.<\/figcaption><\/figure>\n\n\n\n<p><strong>ADHESION A L&rsquo;AEF 92<\/strong> <\/p>\n\n\n\n<p>Utilisez notre partenaire ASSOCONNECTpour nous rejoindre, car notre Association doit grandir et vous regrouper tous pour apprendre et avancer ensemble.Cliquez sur le lien ci-dessous.<\/p>\n\n\n\n<p><a href=\"https:\/\/aef-92.assoconnect.com\/collect\/description\/581180-o-adhesion-aef-92-saison-25-26\">https:\/\/aef-92.assoconnect.com\/collect\/description\/581180-o-adhesion-aef-92-saison-25-26<\/a><\/p>\n\n\n\n<p><\/p>\n\n\n\n<figure class=\"wp-block-image size-full\"><img loading=\"lazy\" decoding=\"async\" width=\"220\" height=\"220\" src=\"https:\/\/site.aefoot92.com\/wp-content\/uploads\/2025\/06\/qrcode.png\" alt=\"\" class=\"wp-image-2289\" srcset=\"https:\/\/site.aefoot92.com\/wp-content\/uploads\/2025\/06\/qrcode.png 220w, https:\/\/site.aefoot92.com\/wp-content\/uploads\/2025\/06\/qrcode-150x150.png 150w\" sizes=\"auto, (max-width: 220px) 100vw, 220px\" \/><\/figure>\n\n\n\n<p>A TRES BIENTOT POUR UN RETOUR SUR LES TERRAINS<\/p>\n\n\n\n<figure class=\"wp-block-image size-large\"><img loading=\"lazy\" decoding=\"async\" width=\"1024\" height=\"635\" src=\"https:\/\/site.aefoot92.com\/wp-content\/uploads\/2025\/06\/Capture-decran-2025-06-22-a-17.35.42-1024x635.png\" alt=\"\" class=\"wp-image-2290\" srcset=\"https:\/\/site.aefoot92.com\/wp-content\/uploads\/2025\/06\/Capture-decran-2025-06-22-a-17.35.42-1024x635.png 1024w, https:\/\/site.aefoot92.com\/wp-content\/uploads\/2025\/06\/Capture-decran-2025-06-22-a-17.35.42-300x186.png 300w, https:\/\/site.aefoot92.com\/wp-content\/uploads\/2025\/06\/Capture-decran-2025-06-22-a-17.35.42-768x476.png 768w, https:\/\/site.aefoot92.com\/wp-content\/uploads\/2025\/06\/Capture-decran-2025-06-22-a-17.35.42-484x300.png 484w, https:\/\/site.aefoot92.com\/wp-content\/uploads\/2025\/06\/Capture-decran-2025-06-22-a-17.35.42.png 1248w\" sizes=\"auto, (max-width: 1024px) 100vw, 1024px\" \/><\/figure>\n\n\n\n<div class=\"wp-block-group\"><div class=\"wp-block-group__inner-container is-layout-flow wp-block-group-is-layout-flow\">\n<p><strong>Christian PORNIN <\/strong> <strong>Pr\u00e9sident AEF 92 <\/strong><\/p>\n<\/div><\/div>\n\n\n\n<div class=\"wp-block-group\"><div class=\"wp-block-group__inner-container is-layout-flow wp-block-group-is-layout-flow\">\n<figure class=\"wp-block-image size-large\"><img loading=\"lazy\" decoding=\"async\" width=\"1024\" height=\"678\" src=\"https:\/\/site.aefoot92.com\/wp-content\/uploads\/2021\/02\/Capture-decran-2021-02-18-a-17.48.24-1024x678.png\" alt=\"\" class=\"wp-image-1143\" srcset=\"https:\/\/site.aefoot92.com\/wp-content\/uploads\/2021\/02\/Capture-decran-2021-02-18-a-17.48.24-1024x678.png 1024w, https:\/\/site.aefoot92.com\/wp-content\/uploads\/2021\/02\/Capture-decran-2021-02-18-a-17.48.24-300x199.png 300w, https:\/\/site.aefoot92.com\/wp-content\/uploads\/2021\/02\/Capture-decran-2021-02-18-a-17.48.24-768x509.png 768w, https:\/\/site.aefoot92.com\/wp-content\/uploads\/2021\/02\/Capture-decran-2021-02-18-a-17.48.24-453x300.png 453w, https:\/\/site.aefoot92.com\/wp-content\/uploads\/2021\/02\/Capture-decran-2021-02-18-a-17.48.24.png 1202w\" sizes=\"auto, (max-width: 1024px) 100vw, 1024px\" \/><figcaption class=\"wp-element-caption\">UNE EQUIPE DE FOOT COMPOSEE DE COLLEGUES EDUCATEURS, QUEL PLAISIR !!!!<\/figcaption><\/figure>\n<\/div><\/div>\n\n\n\n<figure class=\"wp-block-image size-large\"><img loading=\"lazy\" decoding=\"async\" width=\"1024\" height=\"576\" src=\"https:\/\/site.aefoot92.com\/wp-content\/uploads\/2020\/05\/V__1E3B-1024x576.jpg\" alt=\"\" class=\"wp-image-83\" srcset=\"https:\/\/site.aefoot92.com\/wp-content\/uploads\/2020\/05\/V__1E3B-1024x576.jpg 1024w, https:\/\/site.aefoot92.com\/wp-content\/uploads\/2020\/05\/V__1E3B-300x169.jpg 300w, https:\/\/site.aefoot92.com\/wp-content\/uploads\/2020\/05\/V__1E3B-768x432.jpg 768w, https:\/\/site.aefoot92.com\/wp-content\/uploads\/2020\/05\/V__1E3B-1200x675.jpg 1200w, https:\/\/site.aefoot92.com\/wp-content\/uploads\/2020\/05\/V__1E3B.jpg 1440w\" sizes=\"auto, (max-width: 1024px) 100vw, 1024px\" \/><\/figure>\n\n\n\n<p>Des techniciens, et des experts, des Jeunes et des plus anciens l&rsquo;AEF 92 C&rsquo;est \u00e7a.<\/p>\n","protected":false},"excerpt":{"rendered":"<p>BIENVENUE sur notre site aefoot92.com, Avec notre comit\u00e9 directeur nous vous souhaitons de trouver dans l&rsquo;engagement aupr\u00e8s d&rsquo;un club, d&rsquo;une \u00e9quipe et de notre Association AEF 92 un bon \u00e9panouissement personnel et un r\u00e9el plaisir d&rsquo;accompagner des hommes et des &hellip; <a href=\"https:\/\/site.aefoot92.com\/\">Continuer la lecture <span class=\"meta-nav\">&rarr;<\/span><\/a><\/p>\n","protected":false},"author":1,"featured_media":0,"parent":0,"menu_order":0,"comment_status":"closed","ping_status":"closed","template":"","meta":{"footnotes":""},"class_list":["post-164","page","type-page","status-publish","hentry"],"_links":{"self":[{"href":"https:\/\/site.aefoot92.com\/index.php?rest_route=\/wp\/v2\/pages\/164","targetHints":{"allow":["GET"]}}],"collection":[{"href":"https:\/\/site.aefoot92.com\/index.php?rest_route=\/wp\/v2\/pages"}],"about":[{"href":"https:\/\/site.aefoot92.com\/index.php?rest_route=\/wp\/v2\/types\/page"}],"author":[{"embeddable":true,"href":"https:\/\/site.aefoot92.com\/index.php?rest_route=\/wp\/v2\/users\/1"}],"replies":[{"embeddable":true,"href":"https:\/\/site.aefoot92.com\/index.php?rest_route=%2Fwp%2Fv2%2Fcomments&post=164"}],"version-history":[{"count":44,"href":"https:\/\/site.aefoot92.com\/index.php?rest_route=\/wp\/v2\/pages\/164\/revisions"}],"predecessor-version":[{"id":2338,"href":"https:\/\/site.aefoot92.com\/index.php?rest_route=\/wp\/v2\/pages\/164\/revisions\/2338"}],"wp:attachment":[{"href":"https:\/\/site.aefoot92.com\/index.php?rest_route=%2Fwp%2Fv2%2Fmedia&parent=164"}],"curies":[{"name":"wp","href":"https:\/\/api.w.org\/{rel}","templated":true}]}}