{"id":224,"date":"2020-05-18T15:47:06","date_gmt":"2020-05-18T13:47:06","guid":{"rendered":"https:\/\/site.aefoot92.com\/?page_id=224"},"modified":"2020-05-20T11:50:01","modified_gmt":"2020-05-20T09:50:01","slug":"construire-sa-seance","status":"publish","type":"page","link":"https:\/\/site.aefoot92.com\/?page_id=224","title":{"rendered":"CONSTRUIRE SA SEANCE"},"content":{"rendered":"\n<figure class=\"wp-block-image size-large\"><img loading=\"lazy\" decoding=\"async\" width=\"1024\" height=\"719\" src=\"https:\/\/site.aefoot92.com\/wp-content\/uploads\/2020\/05\/Capture-d\u2019\u00e9cran-2020-05-20-\u00e0-11.36.19-1024x719.png\" alt=\"\" class=\"wp-image-260\" srcset=\"https:\/\/site.aefoot92.com\/wp-content\/uploads\/2020\/05\/Capture-d\u2019\u00e9cran-2020-05-20-\u00e0-11.36.19-1024x719.png 1024w, https:\/\/site.aefoot92.com\/wp-content\/uploads\/2020\/05\/Capture-d\u2019\u00e9cran-2020-05-20-\u00e0-11.36.19-300x211.png 300w, https:\/\/site.aefoot92.com\/wp-content\/uploads\/2020\/05\/Capture-d\u2019\u00e9cran-2020-05-20-\u00e0-11.36.19-768x539.png 768w, https:\/\/site.aefoot92.com\/wp-content\/uploads\/2020\/05\/Capture-d\u2019\u00e9cran-2020-05-20-\u00e0-11.36.19-428x300.png 428w, https:\/\/site.aefoot92.com\/wp-content\/uploads\/2020\/05\/Capture-d\u2019\u00e9cran-2020-05-20-\u00e0-11.36.19.png 1314w\" sizes=\"auto, (max-width: 1024px) 100vw, 1024px\" \/><\/figure>\n\n\n\n<p>Vous allez trouver un lien d&rsquo;acc\u00e8s \u00e0 un <em>document PPT en pdf <\/em>que j&rsquo;ai r\u00e9alis\u00e9 pour vous aider \u00e0 franchir le cap essentiel de Construire <strong>UNE s\u00e9ance<\/strong> \u00e0 construire <strong>SA s\u00e9ance<\/strong>.<\/p>\n\n\n\n<p>Prenez le temps de bien assimiler la lecture de chaque page.<\/p>\n\n\n\n<p>N&rsquo;h\u00e9sitez surtout pas \u00e0 me contacter pour des explications compl\u00e9mentaires.                     CHRISTIAN PORNIN  06 16 98 14 10 <\/p>\n\n\n\n<figure class=\"wp-block-embed-wordpress wp-block-embed is-type-wp-embed is-provider-association-des-educateurs-aef-92\"><div class=\"wp-block-embed__wrapper\">\n <blockquote class=\"wp-embedded-content\" data-secret=\"RH8rfXCgvP\"><a href=\"https:\/\/site.aefoot92.com\/?attachment_id=252\">CONSTRUIRE SES SEANCES D&rsquo;ENTRAINEMENT<\/a><\/blockquote><iframe loading=\"lazy\" class=\"wp-embedded-content\" sandbox=\"allow-scripts\" security=\"restricted\" style=\"position: absolute; clip: rect(1px, 1px, 1px, 1px);\" title=\"\u00ab\u00a0CONSTRUIRE SES SEANCES D&rsquo;ENTRAINEMENT\u00a0\u00bb &#8212; ASSOCIATION DES EDUCATEURS AEF92\" src=\"https:\/\/site.aefoot92.com\/?attachment_id=252&#038;embed=true#?secret=nYt6ModUAF#?secret=RH8rfXCgvP\" data-secret=\"RH8rfXCgvP\" width=\"584\" height=\"329\" frameborder=\"0\" marginwidth=\"0\" marginheight=\"0\" scrolling=\"no\"><\/iframe>\n<\/div><\/figure>\n","protected":false},"excerpt":{"rendered":"<p>Vous allez trouver un lien d&rsquo;acc\u00e8s \u00e0 un document PPT en pdf que j&rsquo;ai r\u00e9alis\u00e9 pour vous aider \u00e0 franchir le cap essentiel de Construire UNE s\u00e9ance \u00e0 construire SA s\u00e9ance. Prenez le temps de bien assimiler la lecture de &hellip; <a href=\"https:\/\/site.aefoot92.com\/?page_id=224\">Continuer la lecture <span class=\"meta-nav\">&rarr;<\/span><\/a><\/p>\n","protected":false},"author":1,"featured_media":0,"parent":0,"menu_order":0,"comment_status":"closed","ping_status":"closed","template":"","meta":{"footnotes":""},"class_list":["post-224","page","type-page","status-publish","hentry"],"_links":{"self":[{"href":"https:\/\/site.aefoot92.com\/index.php?rest_route=\/wp\/v2\/pages\/224","targetHints":{"allow":["GET"]}}],"collection":[{"href":"https:\/\/site.aefoot92.com\/index.php?rest_route=\/wp\/v2\/pages"}],"about":[{"href":"https:\/\/site.aefoot92.com\/index.php?rest_route=\/wp\/v2\/types\/page"}],"author":[{"embeddable":true,"href":"https:\/\/site.aefoot92.com\/index.php?rest_route=\/wp\/v2\/users\/1"}],"replies":[{"embeddable":true,"href":"https:\/\/site.aefoot92.com\/index.php?rest_route=%2Fwp%2Fv2%2Fcomments&post=224"}],"version-history":[{"count":4,"href":"https:\/\/site.aefoot92.com\/index.php?rest_route=\/wp\/v2\/pages\/224\/revisions"}],"predecessor-version":[{"id":263,"href":"https:\/\/site.aefoot92.com\/index.php?rest_route=\/wp\/v2\/pages\/224\/revisions\/263"}],"wp:attachment":[{"href":"https:\/\/site.aefoot92.com\/index.php?rest_route=%2Fwp%2Fv2%2Fmedia&parent=224"}],"curies":[{"name":"wp","href":"https:\/\/api.w.org\/{rel}","templated":true}]}}