{"id":270,"date":"2020-05-20T12:40:28","date_gmt":"2020-05-20T10:40:28","guid":{"rendered":"https:\/\/site.aefoot92.com\/?page_id=270"},"modified":"2020-05-20T12:44:48","modified_gmt":"2020-05-20T10:44:48","slug":"le-leadership","status":"publish","type":"page","link":"https:\/\/site.aefoot92.com\/?page_id=270","title":{"rendered":"LE LEADERSHIP"},"content":{"rendered":"\n<p>Vous trouverez ci dessous les 10 mani\u00e8res d&rsquo;exercer son \u00e9nergie, l&rsquo;\u00e9ducateur doit apprendre \u00e0 mieux se conna\u00eetre pour r\u00e9ussir \u00e0 mieux communiquer et appr\u00e9hender ses qualit\u00e9s p\u00e9dagogiques. Bonne r\u00e9flexion et faites nous part de vos commentaires.<\/p>\n\n\n\n<figure class=\"wp-block-image size-large\"><img loading=\"lazy\" decoding=\"async\" width=\"724\" height=\"1024\" src=\"https:\/\/site.aefoot92.com\/wp-content\/uploads\/2020\/05\/LEADERSHIP-2-pdf-724x1024.jpg\" alt=\"\" class=\"wp-image-271\"\/><\/figure>\n","protected":false},"excerpt":{"rendered":"<p>Vous trouverez ci dessous les 10 mani\u00e8res d&rsquo;exercer son \u00e9nergie, l&rsquo;\u00e9ducateur doit apprendre \u00e0 mieux se conna\u00eetre pour r\u00e9ussir \u00e0 mieux communiquer et appr\u00e9hender ses qualit\u00e9s p\u00e9dagogiques. Bonne r\u00e9flexion et faites nous part de vos commentaires.<\/p>\n","protected":false},"author":1,"featured_media":0,"parent":0,"menu_order":0,"comment_status":"open","ping_status":"closed","template":"","meta":{"footnotes":""},"class_list":["post-270","page","type-page","status-publish","hentry"],"_links":{"self":[{"href":"https:\/\/site.aefoot92.com\/index.php?rest_route=\/wp\/v2\/pages\/270","targetHints":{"allow":["GET"]}}],"collection":[{"href":"https:\/\/site.aefoot92.com\/index.php?rest_route=\/wp\/v2\/pages"}],"about":[{"href":"https:\/\/site.aefoot92.com\/index.php?rest_route=\/wp\/v2\/types\/page"}],"author":[{"embeddable":true,"href":"https:\/\/site.aefoot92.com\/index.php?rest_route=\/wp\/v2\/users\/1"}],"replies":[{"embeddable":true,"href":"https:\/\/site.aefoot92.com\/index.php?rest_route=%2Fwp%2Fv2%2Fcomments&post=270"}],"version-history":[{"count":3,"href":"https:\/\/site.aefoot92.com\/index.php?rest_route=\/wp\/v2\/pages\/270\/revisions"}],"predecessor-version":[{"id":275,"href":"https:\/\/site.aefoot92.com\/index.php?rest_route=\/wp\/v2\/pages\/270\/revisions\/275"}],"wp:attachment":[{"href":"https:\/\/site.aefoot92.com\/index.php?rest_route=%2Fwp%2Fv2%2Fmedia&parent=270"}],"curies":[{"name":"wp","href":"https:\/\/api.w.org\/{rel}","templated":true}]}}