{"id":659,"date":"2020-10-16T10:50:27","date_gmt":"2020-10-16T08:50:27","guid":{"rendered":"https:\/\/site.aefoot92.com\/?page_id=659"},"modified":"2020-10-16T10:50:27","modified_gmt":"2020-10-16T08:50:27","slug":"le-gef-a-votre-ecoute-presentation","status":"publish","type":"page","link":"https:\/\/site.aefoot92.com\/?page_id=659","title":{"rendered":"Le GEF, \u00e0 votre \u00e9coute PRESENTATION"},"content":{"rendered":"\n<figure class=\"wp-block-image size-large\"><img loading=\"lazy\" decoding=\"async\" width=\"723\" height=\"1024\" src=\"https:\/\/site.aefoot92.com\/wp-content\/uploads\/2020\/10\/Capture-decran-2020-10-16-a-10.45.01-723x1024.png\" alt=\"\" class=\"wp-image-660\" srcset=\"https:\/\/site.aefoot92.com\/wp-content\/uploads\/2020\/10\/Capture-decran-2020-10-16-a-10.45.01-723x1024.png 723w, https:\/\/site.aefoot92.com\/wp-content\/uploads\/2020\/10\/Capture-decran-2020-10-16-a-10.45.01-212x300.png 212w, https:\/\/site.aefoot92.com\/wp-content\/uploads\/2020\/10\/Capture-decran-2020-10-16-a-10.45.01-768x1087.png 768w, https:\/\/site.aefoot92.com\/wp-content\/uploads\/2020\/10\/Capture-decran-2020-10-16-a-10.45.01.png 910w\" sizes=\"auto, (max-width: 723px) 100vw, 723px\" \/><\/figure>\n\n\n\n<p>LE GROUPEMENT DES EDUCATEURS DE FOOTBALL d\u00e9signe un r\u00e9f\u00e9rent r\u00e9gional, sur le territoire de la LIGUE:  Christian PORNIN pour PARIS ILE DE FRANCE <\/p>\n\n\n\n<p>Un r\u00e9f\u00e9rent d\u00e9partemental, charg\u00e9 de conseiller les \u00e9ducateurs membres du GEF.<\/p>\n\n\n\n<p>Ses missions sont les suivantes:<\/p>\n\n\n\n<p>Positionner le G.E.F. dans le paysage du football local.&nbsp;<\/p>\n\n\n\n<p>&#8211; Participer aux assembl\u00e9es g\u00e9n\u00e9rales du G.E.F.&nbsp;<\/p>\n\n\n\n<p>&#8211; Participer aux s\u00e9minaires r\u00e9gionaux organis\u00e9s par l\u2019AEF Nationale (<em>intervention sur le G.E.F. pr\u00e9vues<\/em>)&nbsp;<\/p>\n\n\n\n<p>&#8211; Conna\u00eetre le nombre et le profil (type de contrat, temps de travail, fonction \u2026) des \u00e9ducateurs sous contrat de travail dans un club de son district et de sa ligue, avec l\u2019aide de la Commission R\u00e9gionale du Statut des Educateurs (\u00e0 d\u00e9faut la Commission Technique \u2026).&nbsp;<\/p>\n\n\n\n<p>&#8211; Transmettre les informations concernant les \u00e9ducateurs de sa ligue et de son district, au Conseil Syndical en fin de saison.&nbsp;<\/p>\n\n\n\n<p>&#8211; Informer les \u00e9ducateurs sous contrat de l\u2019existence et du r\u00f4le du G.E.F. (courriers, E-mail, contact direct \u2026) et proposer son aide en cas de besoin.&nbsp;<\/p>\n\n\n\n<p>&#8211; Profiter des actions et manifestations de l\u2019AEF locale pour informer de la pr\u00e9sence et du r\u00f4le du G.E.F.\u00a0<\/p>\n\n\n\n<p>Une note INFOS GEF parait r\u00e9guli\u00e8rement pour tenir informer les r\u00e9f\u00e9rents d\u00e9partementaux.<\/p>\n\n\n<a href=\"https:\/\/site.aefoot92.com\/wp-content\/uploads\/2020\/10\/3-2020-Note-INFO-GEF-N-23.pdf\" class=\"pdfemb-viewer\" style=\"\" data-width=\"max\" data-height=\"max\" data-toolbar=\"bottom\" data-toolbar-fixed=\"off\">3-2020-Note-INFO-GEF-N-23<\/a>\n<p class=\"wp-block-pdfemb-pdf-embedder-viewer\"><\/p>\n","protected":false},"excerpt":{"rendered":"<p>LE GROUPEMENT DES EDUCATEURS DE FOOTBALL d\u00e9signe un r\u00e9f\u00e9rent r\u00e9gional, sur le territoire de la LIGUE: Christian PORNIN pour PARIS ILE DE FRANCE Un r\u00e9f\u00e9rent d\u00e9partemental, charg\u00e9 de conseiller les \u00e9ducateurs membres du GEF. Ses missions sont les suivantes: Positionner &hellip; <a href=\"https:\/\/site.aefoot92.com\/?page_id=659\">Continuer la lecture <span class=\"meta-nav\">&rarr;<\/span><\/a><\/p>\n","protected":false},"author":1,"featured_media":0,"parent":0,"menu_order":0,"comment_status":"closed","ping_status":"closed","template":"","meta":{"footnotes":""},"class_list":["post-659","page","type-page","status-publish","hentry"],"_links":{"self":[{"href":"https:\/\/site.aefoot92.com\/index.php?rest_route=\/wp\/v2\/pages\/659","targetHints":{"allow":["GET"]}}],"collection":[{"href":"https:\/\/site.aefoot92.com\/index.php?rest_route=\/wp\/v2\/pages"}],"about":[{"href":"https:\/\/site.aefoot92.com\/index.php?rest_route=\/wp\/v2\/types\/page"}],"author":[{"embeddable":true,"href":"https:\/\/site.aefoot92.com\/index.php?rest_route=\/wp\/v2\/users\/1"}],"replies":[{"embeddable":true,"href":"https:\/\/site.aefoot92.com\/index.php?rest_route=%2Fwp%2Fv2%2Fcomments&post=659"}],"version-history":[{"count":1,"href":"https:\/\/site.aefoot92.com\/index.php?rest_route=\/wp\/v2\/pages\/659\/revisions"}],"predecessor-version":[{"id":663,"href":"https:\/\/site.aefoot92.com\/index.php?rest_route=\/wp\/v2\/pages\/659\/revisions\/663"}],"wp:attachment":[{"href":"https:\/\/site.aefoot92.com\/index.php?rest_route=%2Fwp%2Fv2%2Fmedia&parent=659"}],"curies":[{"name":"wp","href":"https:\/\/api.w.org\/{rel}","templated":true}]}}